{"id":3571,"date":"2024-05-28T23:02:54","date_gmt":"2024-05-28T23:02:54","guid":{"rendered":"https:\/\/smallbusinessflexfund.org\/complete-su-solicitud-ahora\/"},"modified":"2025-12-16T16:41:51","modified_gmt":"2025-12-17T00:41:51","slug":"complete-su-solicitud-ahora","status":"publish","type":"page","link":"https:\/\/smallbusinessflexfund.org\/es\/complete-su-solicitud-ahora\/","title":{"rendered":"Complete su solicitud ahora"},"content":{"rendered":"<p>[et_pb_section fb_built=\u00bb1&#8243; _builder_version=\u00bb4.25.1&#8243; _module_preset=\u00bbdefault\u00bb background_enable_color=\u00bboff\u00bb background_enable_image=\u00bboff\u00bb background_size=\u00bbinitial\u00bb background_position=\u00bbtop_right\u00bb collapsed=\u00bbon\u00bb global_colors_info=\u00bb{%22gcid-3a01755e-bc7e-4fb0-9e63-c7179784269d%22:%91%93,%22gcid-f14d9039-3812-4257-9246-b8ed5beb0c3f%22:%91%22background_color%22%93}\u00bb][et_pb_row _builder_version=\u00bb4.16&#8243; _module_preset=\u00bbdefault\u00bb global_colors_info=\u00bb{}\u00bb][et_pb_column type=\u00bb4_4&#8243; _builder_version=\u00bb4.16&#8243; _module_preset=\u00bbdefault\u00bb global_colors_info=\u00bb{}\u00bb][et_pb_text module_class=\u00bbhero-text\u00bb _builder_version=\u00bb4.25.1&#8243; _module_preset=\u00bbdefault\u00bb header_text_color=\u00bb#016a73&#8243; global_colors_info=\u00bb{}\u00bb]<\/p>\n<h1 class=\"hero-text\" style=\"text-align: center;\">Inf\u00f3rmese antes de realizar una solicitud preliminar<\/h1>\n<p>[\/et_pb_text][\/et_pb_column][\/et_pb_row][et_pb_row custom_padding_last_edited=\u00bbon|phone\u00bb _builder_version=\u00bb4.25.1&#8243; _module_preset=\u00bbdefault\u00bb custom_padding_tablet=\u00bb0px||||false|false\u00bb custom_padding_phone=\u00bb0px||||false|false\u00bb global_colors_info=\u00bb{}\u00bb][et_pb_column type=\u00bb4_4&#8243; _builder_version=\u00bb4.16&#8243; _module_preset=\u00bbdefault\u00bb custom_padding=\u00bb0px|0px|0px|0px|false|false\u00bb global_colors_info=\u00bb{}\u00bb][et_pb_text _builder_version=\u00bb4.25.1&#8243; _module_preset=\u00bbdefault\u00bb custom_margin=\u00bb||0px|||\u00bb global_colors_info=\u00bb{}\u00bb]<\/p>\n<h2><strong>Nos importa la privacidad. Los \u00fanicos datos personales que necesitamos hoy son:<\/strong><\/h2>\n<p>[\/et_pb_text][et_pb_text _builder_version=\u00bb4.25.1&#8243; _module_preset=\u00bbdefault\u00bb text_text_color=\u00bb#000000&#8243; custom_padding=\u00bb0px|||1rem|false|false\u00bb border_color_all=\u00bbgcid-f787c685-8f4c-4729-893e-080575481f27&#8243; border_style_all=\u00bbdotted\u00bb border_width_left=\u00bb3px\u00bb border_style_left=\u00bbdotted\u00bb global_colors_info=\u00bb{%22gcid-f787c685-8f4c-4729-893e-080575481f27%22:%91%22border_color_all%22%93}\u00bb]<\/p>\n<p>Nombre de la empresa<br \/>Direcci\u00f3n comercial (debe ser en Washington)<br \/>Nombre completo<br \/>N\u00famero de tel\u00e9fono<br \/>Correo electr\u00f3nico v\u00e1lido (para que el prestamista elegido pueda comunicarse con usted)<br \/>Se le consultar\u00e1 acerca de los ingresos brutos totales de su negocio el a\u00f1o pasado y si obtuvo ganancias<\/p>\n<p>[\/et_pb_text][et_pb_text _builder_version=\u00bb4.25.1&#8243; _module_preset=\u00bbdefault\u00bb text_text_color=\u00bb#000000&#8243; global_colors_info=\u00bb{}\u00bb]<\/p>\n<p><strong>La pre-solicitud no implicar\u00e1 una verificaci\u00f3n de cr\u00e9dito formal, pero deber\u00e1 tener a mano su puntaje de cr\u00e9dito aproximado.<\/strong><\/p>\n<p>[\/et_pb_text][\/et_pb_column][\/et_pb_row][\/et_pb_section][et_pb_section fb_built=\u00bb1&#8243; disabled_on=\u00bboff|off|off\u00bb module_id=\u00bbapply-portal\u00bb _builder_version=\u00bb4.16&#8243; _module_preset=\u00bbdefault\u00bb background_color=\u00bbgcid-0abae084-397f-47ae-be00-54bf26c69873&#8243; global_colors_info=\u00bb{%22gcid-0abae084-397f-47ae-be00-54bf26c69873%22:%91%22background_color%22%93}\u00bb][et_pb_row _builder_version=\u00bb4.16&#8243; _module_preset=\u00bbdefault\u00bb global_colors_info=\u00bb{}\u00bb][et_pb_column type=\u00bb4_4&#8243; _builder_version=\u00bb4.16&#8243; _module_preset=\u00bbdefault\u00bb global_colors_info=\u00bb{}\u00bb][et_pb_text _builder_version=\u00bb4.16&#8243; _module_preset=\u00bbdefault\u00bb custom_padding=\u00bb15px||15px||false|false\u00bb global_colors_info=\u00bb{}\u00bb]<\/p>\n<h1 style=\"text-align: center; color: white !important;\">Llene su pre-solicitud ahora<\/h1>\n<p>[\/et_pb_text][\/et_pb_column][\/et_pb_row][et_pb_row _builder_version=\u00bb4.25.1&#8243; _module_preset=\u00bbdefault\u00bb background_color=\u00bb#FFFFFF\u00bb hover_enabled=\u00bb0&#8243; global_colors_info=\u00bb{%22gcid-f2ef39ab-3db2-41e0-9a9c-e71e3eecda6f%22:%91%93}\u00bb sticky_enabled=\u00bb0&#8243; custom_padding=\u00bb30px|30px|30px|30px|true|true\u00bb][et_pb_column type=\u00bb4_4&#8243; _builder_version=\u00bb4.16&#8243; _module_preset=\u00bbdefault\u00bb global_colors_info=\u00bb{}\u00bb][et_pb_code _builder_version=\u00bb4.25.1&#8243; _module_preset=\u00bbdefault\u00bb background_color=\u00bb#FFFFFF\u00bb custom_padding=\u00bb30px||30px||true|false\u00bb hover_enabled=\u00bb0&#8243; global_colors_info=\u00bb{}\u00bb sticky_enabled=\u00bb0&#8243; disabled_on=\u00bbon|on|on\u00bb disabled=\u00bbon\u00bb]<script id=\"connect2capital\" src=\"https:\/\/connect.crfusa.com\/api\/wa-flex-fund-2\/embed.js\" crossorigin=\"\" async=\"\"><\/script>[\/et_pb_code][et_pb_text _builder_version=\u00bb4.25.1&#8243; _module_preset=\u00bbdefault\u00bb hover_enabled=\u00bb0&#8243; sticky_enabled=\u00bb0&#8243;]<\/p>\n<h1>Small Business Flex Fund 2 (Micro Loan Program) \u2014 Paused<\/h1>\n<p><strong>Washington\u2019s Small Business Flex Fund 2 is currently pausing the processing of new loan applications.<\/strong><\/p>\n<p>As the state continues to enhance and improve the programs it offers using State Small Business Credit Initiative (SSBCI) funding from the U.S. Department of the Treasury, the Washington State Department of Commerce (Commerce) is moving the program into its next phase, incorporating recent market shifts and addressing evolving needs among both lenders and Washington\u2019s small businesses. The goal is to offer a broad and flexible suite of loan products that better align with current demand. <\/p>\n<p>As part of this transition, the Washington Small Business Flex Fund 2 will undergo a redesign to enhance its performance and effectiveness, ensuring it can more fully meet the microloan needs of small businesses across the state. During the redesign period, Commerce will pause the processing of new loan applications. <\/p>\n<h2>Technical Assistance (TA) is still Available<\/h2>\n<p>Free Technical Assistance (TA) delivered through our partners, Roads Consulting Group and Business Impact NW, will remain available through <a href=\"https:\/\/mystartup365.com\/resources-funding-ta-program\/\">the SSBCI Technical Assistance program<\/a>. These services, including support with business planning, financial statements, and more, will continue to prepare entrepreneurs for success with accessing capital and accelerate participation once the updated program launches. <\/p>\n<p>&nbsp;<\/p>\n<ul>\n<li>If you are looking for SSBCI supported capital now, please consider reviewing the <a href=\"https:\/\/growamerica.org\/washingtons-revenue-based-financing-fund\/\">Revenue-Based Financing Fund<\/a>.<\/li>\n<li>If you are not yet fully loan-ready, you can connect at no cost with SSBCI Technical Assistance providers through <a href=\"https:\/\/mystartup365.com\/resources-funding-ta-program\/\">the SSBCI Technical Assistance Program<\/a><\/li>\n<\/ul>\n<p>[\/et_pb_text][\/et_pb_column][\/et_pb_row][et_pb_row _builder_version=\u00bb4.16&#8243; _module_preset=\u00bbdefault\u00bb width=\u00bb100%\u00bb max_width=\u00bb100%\u00bb custom_margin=\u00bb0.8rem|auto||auto|false|false\u00bb custom_padding=\u00bb||||false|false\u00bb global_colors_info=\u00bb{}\u00bb][et_pb_column type=\u00bb4_4&#8243; _builder_version=\u00bb4.16&#8243; _module_preset=\u00bbdefault\u00bb global_colors_info=\u00bb{}\u00bb][et_pb_image src=\u00bbhttps:\/\/smallbusinessflexfund.org\/wp-content\/uploads\/\/2021\/06\/wave1.svg\u00bb title_text=\u00bbwave\u00bb _builder_version=\u00bb4.9.4&#8243; _module_preset=\u00bbdefault\u00bb custom_margin=\u00bb0px|0px|0px|0px|false|false\u00bb global_module=\u00bb93&#8243; saved_tabs=\u00bball\u00bb global_colors_info=\u00bb{}\u00bb][\/et_pb_image][\/et_pb_column][\/et_pb_row][\/et_pb_section][et_pb_section fb_built=\u00bb1&#8243; custom_padding_last_edited=\u00bbon|phone\u00bb _builder_version=\u00bb4.25.1&#8243; _module_preset=\u00bbdefault\u00bb custom_padding=\u00bb122px||3rem||false|false\u00bb custom_padding_tablet=\u00bb82px||3rem||false|false\u00bb custom_padding_phone=\u00bb42px||0rem||false|false\u00bb collapsed=\u00bbon\u00bb global_colors_info=\u00bb{}\u00bb][et_pb_row _builder_version=\u00bb4.25.1&#8243; _module_preset=\u00bbdefault\u00bb global_colors_info=\u00bb{}\u00bb][et_pb_column type=\u00bb4_4&#8243; _builder_version=\u00bb4.25.1&#8243; _module_preset=\u00bbdefault\u00bb global_colors_info=\u00bb{}\u00bb][et_pb_text content_tablet=\u00bb<\/p>\n<h1 style=%22text-align: left;%22>C\u00f3mo presentar su pre-solicitud<\/h1>\n<p>\u00bb content_phone=\u00bb<\/p>\n<h1 style=%22text-align: left;%22>C\u00f3mo presentar su pre-solicitud<\/h1>\n<p>\u00bb content_last_edited=\u00bbon|phone\u00bb _builder_version=\u00bb4.25.1&#8243; _module_preset=\u00bbdefault\u00bb custom_margin=\u00bb||2px|||\u00bb hover_enabled=\u00bb0&#8243; global_colors_info=\u00bb{}\u00bb sticky_enabled=\u00bb0&#8243;]<\/p>\n<h1 style=\"text-align: left;\">C\u00f3mo presentar su pre-solicitud<\/h1>\n<p>[\/et_pb_text][et_pb_video src=\u00bbhttps:\/\/vimeo.com\/1004670533\/c8dbc81db3?share=copy\u00bb _builder_version=\u00bb4.25.1&#8243; _module_preset=\u00bbdefault\u00bb global_colors_info=\u00bb{}\u00bb][\/et_pb_video][\/et_pb_column][\/et_pb_row][et_pb_row custom_padding_last_edited=\u00bbon|phone\u00bb _builder_version=\u00bb4.25.1&#8243; _module_preset=\u00bbdefault\u00bb width=\u00bb75%\u00bb max_width=\u00bb1400px\u00bb custom_margin=\u00bb0px|auto|0px|auto|false|false\u00bb custom_padding=\u00bb97px||0px|||\u00bb custom_padding_tablet=\u00bb67px||||false|false\u00bb custom_padding_phone=\u00bb37px||||false|false\u00bb global_colors_info=\u00bb{}\u00bb][et_pb_column type=\u00bb4_4&#8243; _builder_version=\u00bb4.16&#8243; _module_preset=\u00bbdefault\u00bb global_colors_info=\u00bb{}\u00bb][et_pb_text _builder_version=\u00bb4.25.1&#8243; _module_preset=\u00bbdefault\u00bb custom_margin=\u00bb||2px|||\u00bb global_colors_info=\u00bb{}\u00bb]<\/p>\n<h1>Elegibilidad y t\u00e9rminos del pr\u00e9stamo<\/h1>\n<p>[\/et_pb_text][\/et_pb_column][\/et_pb_row][et_pb_row column_structure=\u00bb1_2,1_2&#8243; _builder_version=\u00bb4.16&#8243; _module_preset=\u00bbdefault\u00bb width=\u00bb75%\u00bb max_width=\u00bb1400px\u00bb custom_margin=\u00bb0px|auto|0px|auto|false|false\u00bb global_colors_info=\u00bb{}\u00bb][et_pb_column type=\u00bb1_2&#8243; _builder_version=\u00bb4.16&#8243; _module_preset=\u00bbdefault\u00bb global_colors_info=\u00bb{}\u00bb][et_pb_text _builder_version=\u00bb4.25.1&#8243; _module_preset=\u00bbdefault\u00bb custom_margin=\u00bb|-18px||||\u00bb custom_padding=\u00bb0px|||1rem|false|false\u00bb border_color_all=\u00bbgcid-f787c685-8f4c-4729-893e-080575481f27&#8243; border_style_all=\u00bbdotted\u00bb border_width_left=\u00bb3px\u00bb border_style_left=\u00bbdotted\u00bb saved_tabs=\u00bball\u00bb global_colors_info=\u00bb{%22gcid-f787c685-8f4c-4729-893e-080575481f27%22:%91%22border_color_all%22%93}\u00bb]<\/p>\n<h3><a href=\"https:\/\/smallbusinessflexfund.org\/es\/faq\/#faq-eligibility\">PRESENTAR SU PRE-SOLICITUD ES MUY SIMPLE.<\/a><\/h3>\n<p>Las empresas elegibles deben:<br \/>Menos de 50 empleados<br \/>Ingresos anuales por menos de $5 millones<br \/>Haber estado en operaciones durante un (1) a\u00f1o antes del momento de la solicitud<\/p>\n<p>El propietario con mayor participaci\u00f3n en la empresa debe contestar y enviar la pre-solicitud. Todos los propietarios con m\u00e1s del 20 % de participaci\u00f3n deber\u00e1n dar fe de la informaci\u00f3n proporcionada. <\/p>\n<div width=\"100%\" class=\"sc-bdVaJa sc-bwzfXH cpDnuc draggable-block-container no-drag\" data-rbd-draggable-context-id=\"12\" data-rbd-draggable-id=\"71\" data-slate-fragment=\"JTVCJTdCJTIydHlwZSUyMiUzQSUyMnBhcmFncmFwaCUyMiUyQyUyMmNoaWxkcmVuJTIyJTNBJTVCJTdCJTIydGV4dCUyMiUzQSUyMlNtYWxsJTIwYnVzaW5lc3NlcyUyMG11c3QlMjBoYXZlJTIwYmVlbiUyMGluJTIwYnVzaW5lc3MlMjBmb3IlMjBhdCUyMGxlYXN0JTIwb25lJTIweWVhciUyMHByaW9yJTIwdG8lMjIlMkMlMjJib2xkJTIyJTNBdHJ1ZSUyQyUyMmNvbG9yJTIyJTNBJTIyaW5oZXJpdCUyMiU3RCU1RCU3RCUyQyU3QiUyMnR5cGUlMjIlM0ElMjJwYXJhZ3JhcGglMjIlMkMlMjJjaGlsZHJlbiUyMiUzQSU1QiU3QiUyMnRleHQlMjIlM0ElMjJ0aGUlMjBkYXRlJTIwb2YlMjBhcHBsaWNhdGlvbiUyMG9yJTJDJTIwaWYlMjBidXNpbmVzcyUyMG9wZXJhdGlvbnMlMjBiZWdhbiUyMGFmdGVyJTIwTWFyY2glMjAzMSUyQyUyMDIwMjAlMkMlMjIlMkMlMjJib2xkJTIyJTNBdHJ1ZSUyQyUyMmNvbG9yJTIyJTNBJTIyaW5oZXJpdCUyMiU3RCU1RCU3RCUyQyU3QiUyMnR5cGUlMjIlM0ElMjJwYXJhZ3JhcGglMjIlMkMlMjJjaGlsZHJlbiUyMiUzQSU1QiU3QiUyMnRleHQlMjIlM0ElMjJ0aGUlMjBidXNpbmVzcyUyMG11c3QlMjBtZWV0JTIwb25lJTIwb2YlMjB0aGUlMjBmb2xsb3dpbmclMjBjcml0ZXJpYSUzQSUyMiUyQyUyMmJvbGQlMjIlM0F0cnVlJTJDJTIyY29sb3IlMjIlM0ElMjJpbmhlcml0JTIyJTdEJTVEJTdEJTJDJTdCJTIydHlwZSUyMiUzQSUyMmJ1bGxldGVkLWxpc3QlMjIlMkMlMjJjaGlsZHJlbiUyMiUzQSU1QiU3QiUyMnR5cGUlMjIlM0ElMjJsaXN0LWl0ZW0lMjIlMkMlMjJjaGlsZHJlbiUyMiUzQSU1QiU3QiUyMnRleHQlMjIlM0ElMjJEZW1vbnN0cmF0ZSUyMHRocmVlJTIwb3IlMjBtb3JlJTIweWVhcnMlMjBvZiUyMG9wZXJhdGluZyUyMGV4cGVyaWVuY2UlMjBpbiUyMHRoZSUyMGluZHVzdHJ5JTIwdGhyb3VnaCUyMHByZXZpb3VzJTIwb3duZXJzaGlwJTIwb3IlMjBtYW5hZ2VtZW50JTIyJTJDJTIyYm9sZCUyMiUzQXRydWUlMkMlMjJjb2xvciUyMiUzQSUyMmluaGVyaXQlMjIlN0QlNUQlN0QlMkMlN0IlMjJ0eXBlJTIyJTNBJTIybGlzdC1pdGVtJTIyJTJDJTIyY2hpbGRyZW4lMjIlM0ElNUIlN0IlMjJ0ZXh0JTIyJTNBJTIyQmUlMjBhJTIwcHJldmlvdXMlMjBib3Jyb3dlciUyMG9mJTIwdGhlJTIwQ0RGSSUyMGFuZCUyMGhhdmUlMjBoYWQlMjBubyUyMHJlcGF5bWVudCUyMGlzc3VlcyUyMiUyQyUyMmJvbGQlMjIlM0F0cnVlJTJDJTIyY29sb3IlMjIlM0ElMjJpbmhlcml0JTIyJTdEJTVEJTdEJTVEJTdEJTJDJTdCJTIydHlwZSUyMiUzQSUyMnBhcmFncmFwaCUyMiUyQyUyMmNoaWxkcmVuJTIyJTNBJTVCJTdCJTIydGV4dCUyMiUzQSUyMiUyMiU3RCU1RCU3RCUyQyU3QiUyMnR5cGUlMjIlM0ElMjJwYXJhZ3JhcGglMjIlMkMlMjJjaGlsZHJlbiUyMiUzQSU1QiU3QiUyMnRleHQlMjIlM0ElMjJOb24tcHJvZml0cyUyMG11c3QlMjBoYXZlJTIwYmVlbiUyMGluJTIwb3BlcmF0aW9uJTIwc2luY2UlMjBhdCUyMGxlYXN0JTIwSmFudWFyeSUyMDIwMTkuJTIyJTJDJTIyYm9sZCUyMiUzQXRydWUlMkMlMjJjb2xvciUyMiUzQSUyMmluaGVyaXQlMjIlN0QlNUQlN0QlMkMlN0IlMjJ0eXBlJTIyJTNBJTIycGFyYWdyYXBoJTIyJTJDJTIyY2hpbGRyZW4lMjIlM0ElNUIlN0IlMjJ0ZXh0JTIyJTNBJTIyJTIyJTdEJTVEJTdEJTVE\">\n<div class=\"sc-fCPvlr kMiVtT slate-block\"><\/div>\n<\/div>\n<p>[\/et_pb_text][et_pb_text _builder_version=\u00bb4.25.1&#8243; _module_preset=\u00bbdefault\u00bb custom_padding=\u00bb0px|||1rem|false|false\u00bb border_color_all=\u00bbgcid-f787c685-8f4c-4729-893e-080575481f27&#8243; border_style_all=\u00bbdotted\u00bb border_width_left=\u00bb3px\u00bb border_style_left=\u00bbdotted\u00bb saved_tabs=\u00bball\u00bb global_colors_info=\u00bb{%22gcid-f787c685-8f4c-4729-893e-080575481f27%22:%91%22border_color_all%22%93}\u00bb]<\/p>\n<h3>T\u00c9RMINOS ACCESIBLES DEL PR\u00c9STAMO.<\/h3>\n<p>Pr\u00e9stamos hasta por $250,000<br \/>Las tasas de inter\u00e9s actuales oscilan entre el 8.25 % y el 11.25 %, seg\u00fan el plazo del pr\u00e9stamo*<br \/>Tasa de inter\u00e9s fija durante todo el per\u00edodo del pr\u00e9stamo<br \/>Pr\u00e9stamos con plazos a 36 a 72 meses<br \/>Sin cargos por pago adelantado.<br \/><em>*Este rango se sit\u00faa entre el 1 % y el 4 % por encima de la tasa preferencial actual del WSJ, que es del 7.25 %. Dicha tasa es una referencia nacional establecida por los 10 bancos m\u00e1s grandes de los Estados Unidos.<\/em><\/p>\n<p>[\/et_pb_text][\/et_pb_column][et_pb_column type=\u00bb1_2&#8243; _builder_version=\u00bb4.16&#8243; _module_preset=\u00bbdefault\u00bb global_colors_info=\u00bb{}\u00bb][et_pb_text _builder_version=\u00bb4.16&#8243; _module_preset=\u00bbdefault\u00bb custom_padding=\u00bb0px|||1rem|false|false\u00bb border_color_all=\u00bbgcid-f787c685-8f4c-4729-893e-080575481f27&#8243; border_style_all=\u00bbdotted\u00bb border_width_left=\u00bb3px\u00bb border_style_left=\u00bbdotted\u00bb saved_tabs=\u00bball\u00bb global_colors_info=\u00bb{%22gcid-f787c685-8f4c-4729-893e-080575481f27%22:%91%22border_color_all%22%93}\u00bb]<\/p>\n<h3>SU USO ES FLEXIBLE. \u200b<\/h3>\n<p>N\u00f3minas<br \/>Servicios b\u00e1sicos y alquiler<br \/>Mercadotecnia y publicidad<br \/>Mejoras o reparaciones a edificios<br \/>Otros gastos empresariales<\/p>\n<p>[\/et_pb_text][\/et_pb_column][\/et_pb_row][\/et_pb_section][et_pb_section fb_built=\u00bb1&#8243; _builder_version=\u00bb4.16&#8243; _module_preset=\u00bbdefault\u00bb custom_padding=\u00bb||4px|||\u00bb collapsed=\u00bbon\u00bb global_colors_info=\u00bb{}\u00bb][et_pb_row _builder_version=\u00bb4.16&#8243; _module_preset=\u00bbdefault\u00bb width=\u00bb75%\u00bb max_width=\u00bb1400px\u00bb custom_margin=\u00bb0px|auto|0px|auto|false|false\u00bb custom_padding=\u00bb||0px|||\u00bb global_colors_info=\u00bb{}\u00bb][et_pb_column type=\u00bb4_4&#8243; _builder_version=\u00bb4.16&#8243; _module_preset=\u00bbdefault\u00bb global_colors_info=\u00bb{}\u00bb][et_pb_text content_tablet=\u00bb<\/p>\n<h1 style=%22text-align: center;%22>Qu\u00e9 esperar de nuestra pre-solicitud de pr\u00e9stamo<\/h1>\n<p>\u00bb content_phone=\u00bb<\/p>\n<h1 style=%22text-align: center;%22>Qu\u00e9 esperar de nuestra pre-solicitud de pr\u00e9stamo<\/h1>\n<p>\u00bb content_last_edited=\u00bbon|phone\u00bb _builder_version=\u00bb4.25.1&#8243; _module_preset=\u00bbdefault\u00bb custom_margin=\u00bb||2px|||\u00bb global_colors_info=\u00bb{}\u00bb]<\/p>\n<h1 style=\"text-align: left;\">Qu\u00e9 esperar de nuestra pre-solicitud de pr\u00e9stamo<\/h1>\n<p>[\/et_pb_text][\/et_pb_column][\/et_pb_row][et_pb_row column_structure=\u00bb1_3,1_3,1_3&#8243; custom_padding_last_edited=\u00bbon|phone\u00bb _builder_version=\u00bb4.25.1&#8243; _module_preset=\u00bbdefault\u00bb width=\u00bb85%\u00bb max_width=\u00bb1400px\u00bb custom_padding_tablet=\u00bb\u00bb custom_padding_phone=\u00bb||60px||false|false\u00bb locked=\u00bboff\u00bb global_colors_info=\u00bb{}\u00bb][et_pb_column type=\u00bb1_3&#8243; _builder_version=\u00bb4.16&#8243; _module_preset=\u00bbdefault\u00bb custom_padding=\u00bb|1vw||1vw|false|false\u00bb global_colors_info=\u00bb{}\u00bb][et_pb_image src=\u00bbhttps:\/\/smallbusinessflexfund.org\/wp-content\/uploads\/2021\/06\/Apply@2x.png\u00bb title_text=\u00bbSolicitar\u00bb _builder_version=\u00bb4.16&#8243; _module_preset=\u00bbdefault\u00bb custom_margin=\u00bb||9px|||\u00bb global_colors_info=\u00bb{}\u00bb][\/et_pb_image][et_pb_text _builder_version=\u00bb4.25.1&#8243; _module_preset=\u00bbdefault\u00bb custom_padding=\u00bb2vh|1vw||1vw|false|false\u00bb global_colors_info=\u00bb{}\u00bb]<\/p>\n<h3 style=\"text-align: center;\">CUESTIONARIO PARA LA PRE-SOLICITUD<\/h3>\n<p style=\"text-align: center;\">Para realizar una solicitud preliminar de financiamiento, complete la informaci\u00f3n requerida a trav\u00e9s de un breve cuestionario. Solo le tomar\u00e1 unos minutos y no deber\u00e1 realizar ninguna verificaci\u00f3n crediticia.<\/p>\n<p>[\/et_pb_text][\/et_pb_column][et_pb_column type=\u00bb1_3&#8243; _builder_version=\u00bb4.16&#8243; _module_preset=\u00bbdefault\u00bb custom_padding=\u00bb|1vw||1vw|false|false\u00bb global_colors_info=\u00bb{}\u00bb][et_pb_image src=\u00bbhttps:\/\/smallbusinessflexfund.org\/wp-content\/uploads\/2021\/06\/speech-bubble-smiling@2x.png\u00bb title_text=\u00bbbocadillo sonriendo@2x\u00bb _builder_version=\u00bb4.16&#8243; _module_preset=\u00bbdefault\u00bb custom_margin=\u00bb||9px|||\u00bb global_colors_info=\u00bb{}\u00bb][\/et_pb_image][et_pb_text _builder_version=\u00bb4.25.1&#8243; _module_preset=\u00bbdefault\u00bb custom_padding=\u00bb2vh|1vw||1vw|false|false\u00bb global_colors_info=\u00bb{}\u00bb]<\/p>\n<h3 style=\"text-align: center;\">ENCUENTRE UN PRESTAMISTA<\/h3>\n<p style=\"text-align: center;\">Si usted resulta ser un prestatario elegible, al finalizar el cuestionario de pre-solicitud, lo conectaremos con prestamistas locales, confiables y comunitarios. Tambi\u00e9n tendr\u00e1 la opci\u00f3n de acceder a servicios de apoyo adicionales como parte de este proceso. <\/p>\n<p>[\/et_pb_text][\/et_pb_column][et_pb_column type=\u00bb1_3&#8243; _builder_version=\u00bb4.16&#8243; _module_preset=\u00bbdefault\u00bb custom_padding=\u00bb|1vw||1vw|false|false\u00bb global_colors_info=\u00bb{}\u00bb][et_pb_image src=\u00bbhttps:\/\/smallbusinessflexfund.org\/wp-content\/uploads\/2021\/06\/pen-and-paper@2x.png\u00bb title_text=\u00bbpluma y papel\u00bb _builder_version=\u00bb4.16&#8243; _module_preset=\u00bbdefault\u00bb custom_margin=\u00bb||9px|||\u00bb global_colors_info=\u00bb{}\u00bb][\/et_pb_image][et_pb_text _builder_version=\u00bb4.25.1&#8243; _module_preset=\u00bbdefault\u00bb custom_padding=\u00bb2vh|1vw||1vw|false|false\u00bb global_colors_info=\u00bb{}\u00bb]<\/p>\n<h3 style=\"text-align: center;\">BUSQUE APOYO<\/h3>\n<p style=\"text-align: center;\">Una vez que se le asigne, los prestamistas locales basados en la comunidad y los proveedores de asistencia t\u00e9cnica le ayudar\u00e1n con cada paso de la solicitud de pr\u00e9stamo completa y le proporcionar\u00e1n servicios de apoyo adicionales.<\/p>\n<p>[\/et_pb_text][\/et_pb_column][\/et_pb_row][et_pb_row column_structure=\u00bb1_2,1_2&#8243; _builder_version=\u00bb4.25.1&#8243; _module_preset=\u00bbdefault\u00bb global_colors_info=\u00bb{}\u00bb][et_pb_column type=\u00bb1_2&#8243; _builder_version=\u00bb4.25.1&#8243; _module_preset=\u00bbdefault\u00bb global_colors_info=\u00bb{}\u00bb][\/et_pb_column][et_pb_column type=\u00bb1_2&#8243; _builder_version=\u00bb4.25.1&#8243; _module_preset=\u00bbdefault\u00bb global_colors_info=\u00bb{}\u00bb][\/et_pb_column][\/et_pb_row][\/et_pb_section][et_pb_section fb_built=\u00bb1&#8243; _builder_version=\u00bb4.16&#8243; _module_preset=\u00bbdefault\u00bb background_color=\u00bbgcid-3a01755e-bc7e-4fb0-9e63-c7179784269d\u00bb collapsed=\u00bbon\u00bb global_colors_info=\u00bb{%22gcid-3a01755e-bc7e-4fb0-9e63-c7179784269d%22:%91%22background_color%22%93}\u00bb][et_pb_row _builder_version=\u00bb4.25.1&#8243; _module_preset=\u00bbdefault\u00bb width=\u00bb53%\u00bb width_tablet=\u00bb53%\u00bb width_phone=\u00bb80%\u00bb width_last_edited=\u00bbon|phone\u00bb global_colors_info=\u00bb{}\u00bb][et_pb_column type=\u00bb4_4&#8243; _builder_version=\u00bb4.16&#8243; _module_preset=\u00bbdefault\u00bb global_colors_info=\u00bb{}\u00bb][et_pb_text _builder_version=\u00bb4.25.1&#8243; _module_preset=\u00bbdefault\u00bb text_text_color=\u00bb#FFFFFF\u00bb link_text_color=\u00bb#e37530&#8243; text_orientation=\u00bbcenter\u00bb background_layout=\u00bbdark\u00bb global_colors_info=\u00bb{}\u00bb]<\/p>\n<p style=\"text-align: center;\">Debido a la cantidad limitada de fondos disponibles y al alto volumen de pre-solicitudes que se espera, se prev\u00e9 que no todos los solicitantes puedan recibir un pr\u00e9stamo. Las pre-solicitudes se revisar\u00e1n por estricto orden de recepci\u00f3n y se gestionar\u00e1n en funci\u00f3n de los objetivos del programa. El tiempo de tramitaci\u00f3n de una pre-solicitud depender\u00e1 del volumen de pre-solicitudes recibidas por la entidad crediticia comunitaria asignada. Por favor, tome en cuenta que presentar una pre-solicitud no es una indicaci\u00f3n de elegibilidad y no significa que se aprobar\u00e1 o financiar\u00e1 un pr\u00e9stamo. Se le solicitar\u00e1 informaci\u00f3n adicional a la entidad crediticia que le ha sido asignada para completar su solicitud de pr\u00e9stamo, lo cual determinar\u00e1 su elegibilidad.    <\/p>\n<p style=\"text-align: center;\">Le recomendamos presentar su pre-solicitud lo antes posible.<\/p>\n<p style=\"text-align: center;\">El Fondo Flex 2 para Peque\u00f1as Empresas de Washington cuenta con el apoyo del Departamento de Comercio del Estado de Washington y el Departamento de la Tesorer\u00eda de los EE. UU. a trav\u00e9s de la Iniciativa de Cr\u00e9ditos Estatales para Peque\u00f1as Empresas (State Small Business Credit Initiative, SSBCI) de Washington. Puede visitar <a href=\"https:\/\/www.commerce.wa.gov\/access-to-capital\/\">el sitio web de la agencia<\/a> para conocer m\u00e1s sobre c\u00f3mo la SSBCI proporciona capital adicional a las Instituciones Financieras para el Desarrollo Comunitario (Community Development Financial Institutions, CDFI) y a prestamistas participantes para peque\u00f1as empresas y entidades sin fines de lucro a lo largo de Washington, en particular las de comunidades hist\u00f3ricamente desatendidas e insuficientemente bancarizadas.  <\/p>\n<p>[\/et_pb_text][\/et_pb_column][\/et_pb_row][\/et_pb_section]<\/p>\n","protected":false},"excerpt":{"rendered":"<p>Inf\u00f3rmese antes de realizar una solicitud preliminarNos importa la privacidad. Los \u00fanicos datos personales que necesitamos hoy son:Nombre de la empresaDirecci\u00f3n comercial (debe ser en Washington)Nombre completoN\u00famero de tel\u00e9fonoCorreo electr\u00f3nico v\u00e1lido (para que el prestamista elegido pueda comunicarse con usted)Se le consultar\u00e1 acerca de los ingresos brutos totales de su negocio el a\u00f1o pasado y [&hellip;]<\/p>\n","protected":false},"author":4,"featured_media":0,"parent":0,"menu_order":0,"comment_status":"closed","ping_status":"closed","template":"","meta":{"_et_pb_use_builder":"on","_et_pb_old_content":"","_et_gb_content_width":"","footnotes":""},"class_list":["post-3571","page","type-page","status-publish","hentry"],"_links":{"self":[{"href":"https:\/\/smallbusinessflexfund.org\/es\/wp-json\/wp\/v2\/pages\/3571","targetHints":{"allow":["GET"]}}],"collection":[{"href":"https:\/\/smallbusinessflexfund.org\/es\/wp-json\/wp\/v2\/pages"}],"about":[{"href":"https:\/\/smallbusinessflexfund.org\/es\/wp-json\/wp\/v2\/types\/page"}],"author":[{"embeddable":true,"href":"https:\/\/smallbusinessflexfund.org\/es\/wp-json\/wp\/v2\/users\/4"}],"replies":[{"embeddable":true,"href":"https:\/\/smallbusinessflexfund.org\/es\/wp-json\/wp\/v2\/comments?post=3571"}],"version-history":[{"count":5,"href":"https:\/\/smallbusinessflexfund.org\/es\/wp-json\/wp\/v2\/pages\/3571\/revisions"}],"predecessor-version":[{"id":4698,"href":"https:\/\/smallbusinessflexfund.org\/es\/wp-json\/wp\/v2\/pages\/3571\/revisions\/4698"}],"wp:attachment":[{"href":"https:\/\/smallbusinessflexfund.org\/es\/wp-json\/wp\/v2\/media?parent=3571"}],"curies":[{"name":"wp","href":"https:\/\/api.w.org\/{rel}","templated":true}]}}